{"id":159,"date":"2009-08-20T16:23:09","date_gmt":"2009-08-20T14:23:09","guid":{"rendered":"http:\/\/www.gerngesehen.de\/GG\/?page_id=159"},"modified":"2020-08-06T12:01:06","modified_gmt":"2020-08-06T10:01:06","slug":"impressum","status":"publish","type":"page","link":"https:\/\/www.gerngesehen.de\/?page_id=159","title":{"rendered":"impressum"},"content":{"rendered":"<p>Georg Dietzler<br \/>\nIm Stavenhof 17<br \/>\nD-50668K\u00f6ln<br \/>\nGermany<br \/>\nTelefon +49.(0)2 21. 12 33 83<br \/>\n<a href=\"mailto:info@gerngesehen.de\">info(at)gerngesehen.de<\/a><br \/>\n<a href=\"http:\/\/www.dietzlerge.org\">www.dietzlerge.org<\/a><\/p>\n<p>Inhaltlich Verantwortlicher gem\u00e4\u00df<br \/>\n\u00a7 10 Absatz 3 MDStV:<br \/>\nGeorg Dietzler<\/p>\n<p>Internet: <a href=\"http:\/\/www.c-marek.de\">Christa Marek, K\u00f6ln<\/a><br \/>\npowered by WordPress \/ based on Neubau (Elmarstudio)<\/p>\n<p>Haftungshinweis:<br \/>\nTrotz sorgf\u00e4ltiger inhaltlicher Kontrolle \u00fcbernehmen wir keine Haftung f\u00fcr die Inhalte externer Links. F\u00fcr den Inhalt der verlinkten Seiten sind ausschlie\u00dflich deren Betreiber verantwortlich.<\/p>\n","protected":false},"excerpt":{"rendered":"<p>Georg Dietzler Im Stavenhof 17 D-50668K\u00f6ln Germany Telefon +49.(0)2 21. 12 33 83 info(at)gerngesehen.de www.dietzlerge.org Inhaltlich Verantwortlicher gem\u00e4\u00df \u00a7 10 Absatz 3 MDStV: Georg Dietzler Internet: Christa Marek, K\u00f6ln powered by WordPress \/ based on Neubau (Elmarstudio) Haftungshinweis: Trotz sorgf\u00e4ltiger inhaltlicher Kontrolle \u00fcbernehmen wir keine Haftung f\u00fcr die Inhalte externer Links. F\u00fcr den Inhalt der [&hellip;]<\/p>\n","protected":false},"author":1,"featured_media":0,"parent":0,"menu_order":0,"comment_status":"closed","ping_status":"closed","template":"","meta":[],"_links":{"self":[{"href":"https:\/\/www.gerngesehen.de\/index.php?rest_route=\/wp\/v2\/pages\/159"}],"collection":[{"href":"https:\/\/www.gerngesehen.de\/index.php?rest_route=\/wp\/v2\/pages"}],"about":[{"href":"https:\/\/www.gerngesehen.de\/index.php?rest_route=\/wp\/v2\/types\/page"}],"author":[{"embeddable":true,"href":"https:\/\/www.gerngesehen.de\/index.php?rest_route=\/wp\/v2\/users\/1"}],"replies":[{"embeddable":true,"href":"https:\/\/www.gerngesehen.de\/index.php?rest_route=%2Fwp%2Fv2%2Fcomments&post=159"}],"version-history":[{"count":2,"href":"https:\/\/www.gerngesehen.de\/index.php?rest_route=\/wp\/v2\/pages\/159\/revisions"}],"predecessor-version":[{"id":2191,"href":"https:\/\/www.gerngesehen.de\/index.php?rest_route=\/wp\/v2\/pages\/159\/revisions\/2191"}],"wp:attachment":[{"href":"https:\/\/www.gerngesehen.de\/index.php?rest_route=%2Fwp%2Fv2%2Fmedia&parent=159"}],"curies":[{"name":"wp","href":"https:\/\/api.w.org\/{rel}","templated":true}]}}