{"id":713,"date":"2021-04-09T16:14:47","date_gmt":"2021-04-09T14:14:47","guid":{"rendered":"https:\/\/www.gerngesehen.de\/funkt\/eng\/?page_id=713"},"modified":"2021-04-13T08:12:53","modified_gmt":"2021-04-13T06:12:53","slug":"imprint","status":"publish","type":"page","link":"https:\/\/www.gerngesehen.de\/funkt\/?page_id=713","title":{"rendered":"imprint"},"content":{"rendered":"\n<p>Georg Dietzler<br>Im Stavenhof 17<br>D-50668K\u00f6ln<br>Germany<br>Telefon +49.(0)2 21. 12 33 83<br><a href=\"mailto:info@gerngesehen.de\">info(at)gerngesehen.de<\/a><br><a href=\"https:\/\/www.gerngesehen.de\">www.gerngesehen.de<\/a><\/p>\n\n\n\n<p>Inhaltlich Verantwortlicher gem\u00e4\u00df<br>\u00a7 10 Absatz 3 MDStV:<br>Georg Dietzler<\/p>\n\n\n\n<p>Haftungshinweis:<br>Trotz sorgf\u00e4ltiger inhaltlicher Kontrolle \u00fcbernehmen wir keine Haftung f\u00fcr die Inhalte externer Links. F\u00fcr den Inhalt der verlinkten Seiten sind ausschlie\u00dflich deren Betreiber verantwortlich.<\/p>\n","protected":false},"excerpt":{"rendered":"<p>Georg DietzlerIm Stavenhof 17D-50668K\u00f6lnGermanyTelefon +49.(0)2 21. 12 33 83info(at)gerngesehen.dewww.gerngesehen.de Inhaltlich Verantwortlicher gem\u00e4\u00df\u00a7 10 Absatz 3 MDStV:Georg Dietzler Haftungshinweis:Trotz sorgf\u00e4ltiger inhaltlicher Kontrolle \u00fcbernehmen wir keine Haftung f\u00fcr die Inhalte externer Links. F\u00fcr den Inhalt der verlinkten Seiten sind ausschlie\u00dflich deren Betreiber verantwortlich.<\/p>\n","protected":false},"author":1,"featured_media":0,"parent":0,"menu_order":0,"comment_status":"closed","ping_status":"closed","template":"","meta":{"footnotes":""},"class_list":["post-713","page","type-page","status-publish","hentry","entry"],"_links":{"self":[{"href":"https:\/\/www.gerngesehen.de\/funkt\/index.php?rest_route=\/wp\/v2\/pages\/713","targetHints":{"allow":["GET"]}}],"collection":[{"href":"https:\/\/www.gerngesehen.de\/funkt\/index.php?rest_route=\/wp\/v2\/pages"}],"about":[{"href":"https:\/\/www.gerngesehen.de\/funkt\/index.php?rest_route=\/wp\/v2\/types\/page"}],"author":[{"embeddable":true,"href":"https:\/\/www.gerngesehen.de\/funkt\/index.php?rest_route=\/wp\/v2\/users\/1"}],"replies":[{"embeddable":true,"href":"https:\/\/www.gerngesehen.de\/funkt\/index.php?rest_route=%2Fwp%2Fv2%2Fcomments&post=713"}],"version-history":[{"count":6,"href":"https:\/\/www.gerngesehen.de\/funkt\/index.php?rest_route=\/wp\/v2\/pages\/713\/revisions"}],"predecessor-version":[{"id":860,"href":"https:\/\/www.gerngesehen.de\/funkt\/index.php?rest_route=\/wp\/v2\/pages\/713\/revisions\/860"}],"wp:attachment":[{"href":"https:\/\/www.gerngesehen.de\/funkt\/index.php?rest_route=%2Fwp%2Fv2%2Fmedia&parent=713"}],"curies":[{"name":"wp","href":"https:\/\/api.w.org\/{rel}","templated":true}]}}